{"id":3789,"date":"2023-08-23T13:57:39","date_gmt":"2023-08-23T11:57:39","guid":{"rendered":"http:\/\/av.dlinks.fr\/lm113757\/?page_id=3789"},"modified":"2023-08-23T15:46:28","modified_gmt":"2023-08-23T13:46:28","slug":"droit-commercial","status":"publish","type":"page","link":"https:\/\/av.dlinks.fr\/lm113757\/index.php\/droit-commercial\/","title":{"rendered":"Droit commercial"},"content":{"rendered":"\t\t<div data-elementor-type=\"wp-page\" data-elementor-id=\"3789\" class=\"elementor elementor-3789\">\n\t\t\t\t\t\t<div class=\"elementor-inner\">\n\t\t\t\t<div class=\"elementor-section-wrap\">\n\t\t\t\t\t\t\t\t\t<section class=\"elementor-section elementor-top-section elementor-element elementor-element-eb0d2a3 elementor-section-boxed elementor-section-gap-beside-yes elementor-section-height-default elementor-section-height-default elementor-section-column-vertical-align-stretch\" data-id=\"eb0d2a3\" data-element_type=\"section\" data-settings=\"{&quot;background_background&quot;:&quot;classic&quot;}\">\n\t\t\t\t\t\t<div class=\"elementor-container elementor-column-gap-extended\">\n\t\t\t\t\t\t\t<div class=\"elementor-row\">\n\t\t\t\t\t<div class=\"elementor-column elementor-col-100 elementor-top-column elementor-element elementor-element-b7bb978\" data-id=\"b7bb978\" data-element_type=\"column\">\n\t\t\t<div class=\"elementor-column-wrap elementor-element-populated\">\n\t\t\t\t\t\t\t<div class=\"elementor-widget-wrap\">\n\t\t\t\t\t\t<div class=\"elementor-element elementor-element-fb65254 elementor-invisible elementor-widget elementor-widget-tm-heading\" data-id=\"fb65254\" data-element_type=\"widget\" data-settings=\"{&quot;_animation&quot;:&quot;unicampFadeInUp&quot;}\" data-widget_type=\"tm-heading.default\">\n\t\t\t\t<div class=\"elementor-widget-container\">\n\t\t\t\t\t<div class=\"tm-modern-heading\">\n\t\t\t\n\t\t\t\t\t<div class=\"heading-primary-wrap\">\n\t\t\t<h2 class=\"heading-primary elementor-heading-title\">Conseil et optimisation en droit commercial li\u00e9 \u00e0 votre activit\u00e9 professionnelle<\/h2>\t\t<\/div>\n\t\t\n\t\t\t\n\t\t\t\t\t<\/div>\n\t\t\t\t<\/div>\n\t\t\t\t<\/div>\n\t\t\t\t\t\t<\/div>\n\t\t\t\t\t<\/div>\n\t\t<\/div>\n\t\t\t\t\t\t\t\t<\/div>\n\t\t\t\t\t<\/div>\n\t\t<\/section>\n\t\t\t\t<section class=\"elementor-section elementor-top-section elementor-element elementor-element-0e7e6a1 elementor-section-boxed elementor-section-gap-beside-yes elementor-section-height-default elementor-section-height-default elementor-section-column-vertical-align-stretch\" data-id=\"0e7e6a1\" data-element_type=\"section\">\n\t\t\t\t\t\t<div class=\"elementor-container elementor-column-gap-extended\">\n\t\t\t\t\t\t\t<div class=\"elementor-row\">\n\t\t\t\t\t<div class=\"elementor-column elementor-col-100 elementor-top-column elementor-element elementor-element-6cd71b7\" data-id=\"6cd71b7\" data-element_type=\"column\">\n\t\t\t<div class=\"elementor-column-wrap elementor-element-populated\">\n\t\t\t\t\t\t\t<div class=\"elementor-widget-wrap\">\n\t\t\t\t\t\t<div class=\"elementor-element elementor-element-280b148 elementor-widget elementor-widget-spacer\" data-id=\"280b148\" data-element_type=\"widget\" data-widget_type=\"spacer.default\">\n\t\t\t\t<div class=\"elementor-widget-container\">\n\t\t\t<style>\/*! elementor - v3.10.2 - 29-01-2023 *\/\n.elementor-column .elementor-spacer-inner{height:var(--spacer-size)}.e-con{--container-widget-width:100%}.e-con-inner>.elementor-widget-spacer,.e-con>.elementor-widget-spacer{width:var(--container-widget-width,var(--spacer-size));--align-self:var(--container-widget-align-self,initial);--flex-shrink:0}.e-con-inner>.elementor-widget-spacer>.elementor-widget-container,.e-con-inner>.elementor-widget-spacer>.elementor-widget-container>.elementor-spacer,.e-con>.elementor-widget-spacer>.elementor-widget-container,.e-con>.elementor-widget-spacer>.elementor-widget-container>.elementor-spacer{height:100%}.e-con-inner>.elementor-widget-spacer>.elementor-widget-container>.elementor-spacer>.elementor-spacer-inner,.e-con>.elementor-widget-spacer>.elementor-widget-container>.elementor-spacer>.elementor-spacer-inner{height:var(--container-widget-height,var(--spacer-size))}<\/style>\t\t<div class=\"elementor-spacer\">\n\t\t\t<div class=\"elementor-spacer-inner\"><\/div>\n\t\t<\/div>\n\t\t\t\t<\/div>\n\t\t\t\t<\/div>\n\t\t\t\t<div class=\"elementor-element elementor-element-4cb3d6d elementor-invisible elementor-widget elementor-widget-tm-heading\" data-id=\"4cb3d6d\" data-element_type=\"widget\" data-settings=\"{&quot;_animation&quot;:&quot;unicampFadeInUp&quot;}\" data-widget_type=\"tm-heading.default\">\n\t\t\t\t<div class=\"elementor-widget-container\">\n\t\t\t\t\t<div class=\"tm-modern-heading\">\n\t\t\t\n\t\t\t\t\t<div class=\"heading-primary-wrap\">\n\t\t\t<h2 class=\"heading-primary elementor-heading-title\">Notre \u00e9quipe d'avocats exp\u00e9riment\u00e9s vous apporte des conseils juridiques, en traitant vos transactions commerciales et en r\u00e9solvant les litiges li\u00e9s \u00e0 vos activit\u00e9s commerciales.<\/h2>\t\t<\/div>\n\t\t\n\t\t\t\n\t\t\t\t\t<\/div>\n\t\t\t\t<\/div>\n\t\t\t\t<\/div>\n\t\t\t\t\t\t<\/div>\n\t\t\t\t\t<\/div>\n\t\t<\/div>\n\t\t\t\t\t\t\t\t<\/div>\n\t\t\t\t\t<\/div>\n\t\t<\/section>\n\t\t\t\t<section class=\"elementor-section elementor-top-section elementor-element elementor-element-984fc6d elementor-section-boxed elementor-section-gap-beside-yes elementor-section-height-default elementor-section-height-default elementor-section-column-vertical-align-stretch\" data-id=\"984fc6d\" data-element_type=\"section\">\n\t\t\t\t\t\t<div class=\"elementor-container elementor-column-gap-extended\">\n\t\t\t\t\t\t\t<div class=\"elementor-row\">\n\t\t\t\t\t<div class=\"elementor-column elementor-col-100 elementor-top-column elementor-element elementor-element-e9030dd\" data-id=\"e9030dd\" data-element_type=\"column\">\n\t\t\t<div class=\"elementor-column-wrap elementor-element-populated\">\n\t\t\t\t\t\t\t<div class=\"elementor-widget-wrap\">\n\t\t\t\t\t\t<div class=\"elementor-element elementor-element-934e97c elementor-widget elementor-widget-text-editor\" data-id=\"934e97c\" data-element_type=\"widget\" data-widget_type=\"text-editor.default\">\n\t\t\t\t<div class=\"elementor-widget-container\">\n\t\t\t<style>\/*! elementor - v3.10.2 - 29-01-2023 *\/\n.elementor-widget-text-editor.elementor-drop-cap-view-stacked .elementor-drop-cap{background-color:#818a91;color:#fff}.elementor-widget-text-editor.elementor-drop-cap-view-framed .elementor-drop-cap{color:#818a91;border:3px solid;background-color:transparent}.elementor-widget-text-editor:not(.elementor-drop-cap-view-default) .elementor-drop-cap{margin-top:8px}.elementor-widget-text-editor:not(.elementor-drop-cap-view-default) .elementor-drop-cap-letter{width:1em;height:1em}.elementor-widget-text-editor .elementor-drop-cap{float:left;text-align:center;line-height:1;font-size:50px}.elementor-widget-text-editor .elementor-drop-cap-letter{display:inline-block}<\/style>\t\t\t\t\t<div class=\"elementor-text-editor elementor-clearfix\">\n\t\t\t\t<h6><strong>Conseil Juridique :<\/strong> Nous vous fournissons des conseils juridiques aux entreprises, aux entrepreneurs et aux commer\u00e7ants sur divers aspects du droit commercial, notamment la cr\u00e9ation d&rsquo;entreprise, les contrats commerciaux, la r\u00e9glementation, et plus encore.<\/h6><h6><strong>Cr\u00e9ation d&rsquo;Entreprise :<\/strong> Nous vous aidons \u00e0 choisir la structure juridique appropri\u00e9e pour l&rsquo;entreprise (SARL, SA, SAS, etc.), \u00e0 r\u00e9diger les statuts, et \u00e0 remplir toutes les formalit\u00e9s l\u00e9gales n\u00e9cessaires pour enregistrer et lancer l&rsquo;entreprise.<\/h6><h6><strong>R\u00e9daction de Contrats :<\/strong> Nous ridigeons, examinons et n\u00e9gocions des contrats commerciaux tels que les contrats de vente, les contrats de distribution, les accords de partenariat et d&rsquo;autres accords commerciaux.<\/h6><h6><strong>Transactions Commerciales :<\/strong> Nous intervenons dans les transactions commerciales telles que les fusions, les acquisitions, les joint-ventures et les cessions d&rsquo;actifs. Il s&rsquo;assure que toutes les \u00e9tapes sont conformes aux lois et r\u00e9glementations.<\/h6><h6><strong>Propri\u00e9t\u00e9 Intellectuelle :<\/strong> Dans le domaine commercial, nous vous aidons \u00e0 prot\u00e9ger les droits de propri\u00e9t\u00e9 intellectuelle tels que les marques, les brevets et les droits d&rsquo;auteur, ainsi qu&rsquo;\u00e0 traiter les questions de contrefa\u00e7on et de violation.<\/h6><h6><strong>Contentieux Commercial :<\/strong> En cas de litige commercial, nous vous repr\u00e9sentons devant les tribunaux et aide \u00e0 r\u00e9soudre les conflits, que ce soit en n\u00e9gociant un r\u00e8glement \u00e0 l&rsquo;amiable ou en engageant des poursuites judiciaires.<\/h6><h6><strong>Faillite et Restructuration :<\/strong> Nous vous conseillons en cas de difficult\u00e9 sur les options de faillite, de restructuration ou de redressement.<\/h6><h6><strong>Contrats de Travail et Droit Social :<\/strong> Dans le cadre de la gestion de vos ressources humaines, nous vous aidons \u00e0 r\u00e9diger des contrats de travail, \u00e0 traiter les probl\u00e8mes de licenciement et de conformit\u00e9 en mati\u00e8re de droit du travail.<\/h6>\t\t\t\t\t<\/div>\n\t\t\t\t\t\t<\/div>\n\t\t\t\t<\/div>\n\t\t\t\t\t\t<\/div>\n\t\t\t\t\t<\/div>\n\t\t<\/div>\n\t\t\t\t\t\t\t\t<\/div>\n\t\t\t\t\t<\/div>\n\t\t<\/section>\n\t\t\t\t<section class=\"elementor-section elementor-top-section elementor-element elementor-element-f0f1fc1 elementor-section-full_width elementor-section-gap-beside-yes elementor-section-height-default elementor-section-height-default elementor-section-column-vertical-align-stretch\" data-id=\"f0f1fc1\" data-element_type=\"section\">\n\t\t\t\t\t\t<div class=\"elementor-container elementor-column-gap-wider\">\n\t\t\t\t\t\t\t<div class=\"elementor-row\">\n\t\t\t\t\t<div class=\"elementor-column elementor-col-100 elementor-top-column elementor-element elementor-element-670c617\" data-id=\"670c617\" data-element_type=\"column\">\n\t\t\t<div class=\"elementor-column-wrap elementor-element-populated\">\n\t\t\t\t\t\t\t<div class=\"elementor-widget-wrap\">\n\t\t\t\t\t\t<div class=\"elementor-element elementor-element-b35a985 elementor-align-center elementor-widget elementor-widget-tm-button\" data-id=\"b35a985\" data-element_type=\"widget\" data-widget_type=\"tm-button.default\">\n\t\t\t\t<div class=\"elementor-widget-container\">\n\t\t\t\t\t<div class=\"tm-button-wrapper\">\n\t\t\t<a href=\"#\" class=\"tm-button-link tm-button style-flat tm-button-nm icon-right\" role=\"button\">\n\t\t\t\t\t\t<div class=\"button-content-wrapper\">\n\t\t\t\n\t\t\t\t\t\t\t<span class=\"button-text\">Nous contacter<\/span>\n\t\t\t\n\t\t\t\t\t\t\t<span class=\"button-icon\">\n\t\t\t\t\t<i class=\"fas fa-long-arrow-right\"><\/i>\t\t\t\t<\/span>\n\t\t\t\t\t<\/div>\n\t\t\n\t\t\t\t\t\t\t<\/a>\n\t\t<\/div>\n\t\t\t\t<\/div>\n\t\t\t\t<\/div>\n\t\t\t\t<div class=\"elementor-element elementor-element-222a062 elementor-widget elementor-widget-spacer\" data-id=\"222a062\" data-element_type=\"widget\" data-widget_type=\"spacer.default\">\n\t\t\t\t<div class=\"elementor-widget-container\">\n\t\t\t\t\t<div class=\"elementor-spacer\">\n\t\t\t<div class=\"elementor-spacer-inner\"><\/div>\n\t\t<\/div>\n\t\t\t\t<\/div>\n\t\t\t\t<\/div>\n\t\t\t\t\t\t<\/div>\n\t\t\t\t\t<\/div>\n\t\t<\/div>\n\t\t\t\t\t\t\t\t<\/div>\n\t\t\t\t\t<\/div>\n\t\t<\/section>\n\t\t\t\t<section class=\"elementor-section elementor-top-section elementor-element elementor-element-9322d85 elementor-section-boxed elementor-section-gap-beside-yes elementor-section-height-default elementor-section-height-default elementor-section-column-vertical-align-stretch\" data-id=\"9322d85\" data-element_type=\"section\" data-settings=\"{&quot;background_background&quot;:&quot;classic&quot;}\">\n\t\t\t\t\t\t<div class=\"elementor-container elementor-column-gap-extended\">\n\t\t\t\t\t\t\t<div class=\"elementor-row\">\n\t\t\t\t\t<div class=\"elementor-column elementor-col-100 elementor-top-column elementor-element elementor-element-16a6edf\" data-id=\"16a6edf\" data-element_type=\"column\">\n\t\t\t<div class=\"elementor-column-wrap elementor-element-populated\">\n\t\t\t\t\t\t\t<div class=\"elementor-widget-wrap\">\n\t\t\t\t\t\t<div class=\"elementor-element elementor-element-92f0943 elementor-invisible elementor-widget elementor-widget-tm-heading\" data-id=\"92f0943\" data-element_type=\"widget\" data-settings=\"{&quot;_animation&quot;:&quot;unicampFadeInUp&quot;}\" data-widget_type=\"tm-heading.default\">\n\t\t\t\t<div class=\"elementor-widget-container\">\n\t\t\t\t\t<div class=\"tm-modern-heading\">\n\t\t\t\n\t\t\t\t\t<div class=\"heading-primary-wrap\">\n\t\t\t<h3 class=\"heading-primary elementor-heading-title\">Accompagnement sur mesure avec r\u00e9sultats garantis?<\/h3>\t\t<\/div>\n\t\t\n\t\t\t\n\t\t\t\t\t<\/div>\n\t\t\t\t<\/div>\n\t\t\t\t<\/div>\n\t\t\t\t<div class=\"elementor-element elementor-element-b6cffd2 elementor-align-center elementor-invisible elementor-widget elementor-widget-tm-button\" data-id=\"b6cffd2\" data-element_type=\"widget\" data-settings=\"{&quot;_animation&quot;:&quot;unicampFadeInUp&quot;}\" data-widget_type=\"tm-button.default\">\n\t\t\t\t<div class=\"elementor-widget-container\">\n\t\t\t\t\t<div class=\"tm-button-wrapper\">\n\t\t\t<a href=\"#\" class=\"tm-button-link tm-button style-flat tm-button-nm icon-right\" role=\"button\">\n\t\t\t\t\t\t<div class=\"button-content-wrapper\">\n\t\t\t\n\t\t\t\t\t\t\t<span class=\"button-text\">Obtenir une simulation<\/span>\n\t\t\t\n\t\t\t\t\t\t\t<span class=\"button-icon\">\n\t\t\t\t\t<i class=\"fas fa-long-arrow-right\"><\/i>\t\t\t\t<\/span>\n\t\t\t\t\t<\/div>\n\t\t\n\t\t\t\t\t\t\t<\/a>\n\t\t<\/div>\n\t\t\t\t<\/div>\n\t\t\t\t<\/div>\n\t\t\t\t\t\t<\/div>\n\t\t\t\t\t<\/div>\n\t\t<\/div>\n\t\t\t\t\t\t\t\t<\/div>\n\t\t\t\t\t<\/div>\n\t\t<\/section>\n\t\t\t\t\t\t\t\t\t<\/div>\n\t\t\t<\/div>\n\t\t\t\t\t<\/div>\n\t\t","protected":false},"excerpt":{"rendered":"<p>Conseil et optimisation en droit commercial li\u00e9 \u00e0 votre activit\u00e9 professionnelle Notre \u00e9quipe d&rsquo;avocats exp\u00e9riment\u00e9s vous apporte des conseils juridiques, en traitant vos transactions commerciales et en r\u00e9solvant les litiges li\u00e9s \u00e0 vos activit\u00e9s commerciales. Conseil Juridique : Nous vous fournissons des conseils juridiques aux entreprises, aux entrepreneurs et aux commer\u00e7ants sur divers aspects du droit commercial, notamment la cr\u00e9ation d&rsquo;entreprise, les contrats commerciaux, la r\u00e9glementation, et plus encore. Cr\u00e9ation d&rsquo;Entreprise : Nous vous aidons \u00e0 choisir la structure juridique appropri\u00e9e pour l&rsquo;entreprise (SARL, SA, SAS, etc.), \u00e0 r\u00e9diger les statuts, et \u00e0 remplir toutes les formalit\u00e9s l\u00e9gales n\u00e9cessaires pour enregistrer et lancer l&rsquo;entreprise. R\u00e9daction de Contrats : Nous ridigeons, examinons et n\u00e9gocions des contrats commerciaux tels que les contrats de vente, les contrats de distribution, les accords de partenariat et d&rsquo;autres accords commerciaux. Transactions Commerciales : Nous intervenons dans les transactions commerciales telles que les fusions, les acquisitions, les joint-ventures et les cessions d&rsquo;actifs. Il s&rsquo;assure que toutes les \u00e9tapes sont conformes aux lois et r\u00e9glementations. Propri\u00e9t\u00e9 Intellectuelle : Dans le domaine commercial, nous vous aidons \u00e0 prot\u00e9ger les droits de propri\u00e9t\u00e9 intellectuelle tels que les marques, les brevets et les droits d&rsquo;auteur, ainsi qu&rsquo;\u00e0 traiter les questions de contrefa\u00e7on et de violation. Contentieux Commercial : En cas de litige commercial, nous vous repr\u00e9sentons devant les tribunaux et aide \u00e0 r\u00e9soudre les conflits, que ce soit en n\u00e9gociant un r\u00e8glement \u00e0 l&rsquo;amiable ou en engageant des poursuites judiciaires. Faillite et Restructuration : Nous vous conseillons en cas de difficult\u00e9 sur les options de faillite, de restructuration ou de redressement. Contrats de Travail et Droit Social : Dans le cadre de la gestion de vos ressources humaines, nous vous aidons \u00e0 r\u00e9diger des contrats de travail, \u00e0 traiter les probl\u00e8mes de licenciement et de conformit\u00e9 en mati\u00e8re de droit du travail. Nous contacter Accompagnement sur mesure avec r\u00e9sultats garantis? Obtenir une simulation<\/p>\n","protected":false},"author":1,"featured_media":0,"parent":0,"menu_order":0,"comment_status":"closed","ping_status":"closed","template":"","meta":{"footnotes":""},"class_list":["post-3789","page","type-page","status-publish","hentry","post-no-thumbnail"],"_links":{"self":[{"href":"https:\/\/av.dlinks.fr\/lm113757\/index.php\/wp-json\/wp\/v2\/pages\/3789","targetHints":{"allow":["GET"]}}],"collection":[{"href":"https:\/\/av.dlinks.fr\/lm113757\/index.php\/wp-json\/wp\/v2\/pages"}],"about":[{"href":"https:\/\/av.dlinks.fr\/lm113757\/index.php\/wp-json\/wp\/v2\/types\/page"}],"author":[{"embeddable":true,"href":"https:\/\/av.dlinks.fr\/lm113757\/index.php\/wp-json\/wp\/v2\/users\/1"}],"replies":[{"embeddable":true,"href":"https:\/\/av.dlinks.fr\/lm113757\/index.php\/wp-json\/wp\/v2\/comments?post=3789"}],"version-history":[{"count":19,"href":"https:\/\/av.dlinks.fr\/lm113757\/index.php\/wp-json\/wp\/v2\/pages\/3789\/revisions"}],"predecessor-version":[{"id":3863,"href":"https:\/\/av.dlinks.fr\/lm113757\/index.php\/wp-json\/wp\/v2\/pages\/3789\/revisions\/3863"}],"wp:attachment":[{"href":"https:\/\/av.dlinks.fr\/lm113757\/index.php\/wp-json\/wp\/v2\/media?parent=3789"}],"curies":[{"name":"wp","href":"https:\/\/api.w.org\/{rel}","templated":true}]}}